{"id":1492,"date":"2024-10-04T01:59:57","date_gmt":"2024-10-03T22:59:57","guid":{"rendered":"https:\/\/www.hazaltasarim.com\/services\/"},"modified":"2024-10-22T02:13:27","modified_gmt":"2024-10-21T23:13:27","slug":"services","status":"publish","type":"page","link":"https:\/\/www.hazaltasarim.com\/?page_id=1492","title":{"rendered":"Hizmetlerimiz"},"content":{"rendered":"\n<div class=\"wp-block-uagb-container uagb-block-a8606d6e alignfull uagb-is-root-container\"><div class=\"uagb-container-inner-blocks-wrap\">\n<div class=\"wp-block-uagb-info-box uagb-block-614c16d2 uagb-infobox__content-wrap  uagb-infobox-icon-above-title uagb-infobox-image-valign-top\"><div class=\"uagb-ifb-content\"><div class=\"uagb-ifb-title-wrap\"><h1 class=\"uagb-ifb-title-prefix\">Hizmetlerimiz<\/h1><h4 class=\"uagb-ifb-title\"><strong>Y\u00fcksek Kalite Hizmetler<\/strong><\/h4><\/div><p class=\"uagb-ifb-desc\">\u0130htiya\u00e7lar\u0131n\u0131za \u00f6zel, profesyonel tasar\u0131m ve bask\u0131 \u00e7\u00f6z\u00fcmleri sunuyorum. Yenilik\u00e7i yakla\u015f\u0131mlarla, her projeyi y\u00fcksek kalite ve m\u00fc\u015fteri memnuniyeti odakl\u0131 bir \u015fekilde hayata ge\u00e7iriyorum.<\/p><\/div><\/div>\n<\/div><\/div>\n\n\n\n<div class=\"wp-block-uagb-container uagb-block-ebeffa70 alignfull uagb-is-root-container\"><div class=\"uagb-container-inner-blocks-wrap\">\n<div class=\"wp-block-uagb-advanced-heading uagb-block-351c22b1\"><h2 class=\"uagb-heading-text\">Size nas\u0131l yard\u0131mc\u0131 olabiliriz?\u200b<\/h2><p class=\"uagb-desc-text\">\u0130htiyac\u0131n\u0131za uygun tasar\u0131m ve bask\u0131 \u00e7\u00f6z\u00fcmleri sunuyoruz. Kartvizit, bro\u015f\u00fcr, afi\u015f ve katalog gibi her t\u00fcrl\u00fc bas\u0131l\u0131 materyali y\u00fcksek kaliteyle \u00fcretiyoruz.<\/p><\/div>\n\n\n\n<div class=\"wp-block-uagb-container uagb-block-a85bf556\">\n<div class=\"wp-block-uagb-container uagb-block-e35a1fde\">\n<div class=\"wp-block-uagb-info-box uagb-block-1e58973e uagb-infobox__content-wrap  uagb-infobox-icon-above-title uagb-infobox-image-valign-top\"><div class=\"uagb-ifb-content\"><div class=\"uagb-ifb-icon-wrap\"><svg xmlns=\"https:\/\/www.w3.org\/2000\/svg\" viewBox=\"0 0 640 512\"><path d=\"M576 64H64C28.8 64 0 92.8 0 128v256c0 35.2 28.8 64 64 64h512c35.2 0 64-28.8 64-64V128C640 92.8 611.2 64 576 64zM64 296C64 291.6 67.63 288 72 288h16C92.38 288 96 291.6 96 296v16C96 316.4 92.38 320 88 320h-16C67.63 320 64 316.4 64 312V296zM336 384h-256C71.2 384 64 376.8 64 368C64 359.2 71.2 352 79.1 352h256c8.801 0 16 7.199 16 16C352 376.8 344.8 384 336 384zM128 312v-16C128 291.6 131.6 288 136 288h16C156.4 288 160 291.6 160 296v16C160 316.4 156.4 320 152 320h-16C131.6 320 128 316.4 128 312zM192 312v-16C192 291.6 195.6 288 200 288h16C220.4 288 224 291.6 224 296v16C224 316.4 220.4 320 216 320h-16C195.6 320 192 316.4 192 312zM256 312v-16C256 291.6 259.6 288 264 288h16C284.4 288 288 291.6 288 296v16C288 316.4 284.4 320 280 320h-16C259.6 320 256 316.4 256 312zM352 312C352 316.4 348.4 320 344 320h-16C323.6 320 320 316.4 320 312v-16C320 291.6 323.6 288 328 288h16C348.4 288 352 291.6 352 296V312zM352 237.7C352 247.9 344.4 256 334.9 256H81.07C71.6 256 64 247.9 64 237.7V146.3C64 136.1 71.6 128 81.07 128h253.9C344.4 128 352 136.1 352 146.3V237.7zM560 384h-160c-8.801 0-16-7.201-16-16c0-8.801 7.199-16 16-16h160c8.801 0 16 7.199 16 16C576 376.8 568.8 384 560 384z\"><\/path><\/svg><\/div><div class=\"uagb-ifb-title-wrap\"><h4 class=\"uagb-ifb-title\"><strong><strong><strong><font style=\"vertical-align: inherit;\"><\/font><\/strong><font style=\"vertical-align: inherit;\"><font style=\"vertical-align: inherit;\">Dijital Bask\u0131 Merkezi<\/font><\/font><\/strong><\/strong><\/h4><\/div><p class=\"uagb-ifb-desc\"><font style=\"vertical-align: inherit;\"><font style=\"vertical-align: inherit;\">Y\u00fcksek kaliteli dijital bask\u0131 hizmetlerimiz ile afi\u015f, bro\u015f\u00fcr, kartvizit ve daha fazlas\u0131n\u0131 k\u0131sa s\u00fcrede ve uygun maliyetle elde edin.<\/font><\/font><\/p><\/div><\/div>\n<\/div>\n\n\n\n<div class=\"wp-block-uagb-container uagb-block-f0fb8981\">\n<div class=\"wp-block-uagb-info-box uagb-block-c2361e87 uagb-infobox__content-wrap  uagb-infobox-icon-above-title uagb-infobox-image-valign-top\"><div class=\"uagb-ifb-content\"><div class=\"uagb-ifb-icon-wrap\"><svg xmlns=\"https:\/\/www.w3.org\/2000\/svg\" viewBox=\"0 0 512 512\"><path d=\"M448 192H64C28.65 192 0 220.7 0 256v96c0 17.67 14.33 32 32 32h32v96c0 17.67 14.33 32 32 32h320c17.67 0 32-14.33 32-32v-96h32c17.67 0 32-14.33 32-32V256C512 220.7 483.3 192 448 192zM384 448H128v-96h256V448zM432 296c-13.25 0-24-10.75-24-24c0-13.27 10.75-24 24-24s24 10.73 24 24C456 285.3 445.3 296 432 296zM128 64h229.5L384 90.51V160h64V77.25c0-8.484-3.375-16.62-9.375-22.62l-45.25-45.25C387.4 3.375 379.2 0 370.8 0H96C78.34 0 64 14.33 64 32v128h64V64z\"><\/path><\/svg><\/div><div class=\"uagb-ifb-title-wrap\"><h4 class=\"uagb-ifb-title\"><strong><strong>Pleksi&nbsp;&amp; Lazer&nbsp;&amp; Kesim &amp; Bask\u0131<\/strong><\/strong><strong><strong>\u200b<\/strong><\/strong><\/h4><\/div><p class=\"uagb-ifb-desc\"><font style=\"vertical-align: inherit;\"><font style=\"vertical-align: inherit;\">Pleksi ve lazer kesim teknolojisiyle kaliteli, dayan\u0131kl\u0131 ve estetik bask\u0131 \u00e7\u00f6z\u00fcmleri sunuyoruz. Tabelalardan dekoratif \u00fcr\u00fcnlere kadar geni\u015f bir yelpazede hizmet veriyoruz.<\/font><\/font><\/p><\/div><\/div>\n<\/div>\n\n\n\n<div class=\"wp-block-uagb-container uagb-block-0bfd07ac\">\n<div class=\"wp-block-uagb-info-box uagb-block-ddf22a23 uagb-infobox__content-wrap  uagb-infobox-icon-above-title uagb-infobox-image-valign-top\"><div class=\"uagb-ifb-content\"><div class=\"uagb-ifb-icon-wrap\"><svg xmlns=\"https:\/\/www.w3.org\/2000\/svg\" viewBox=\"0 0 448 512\"><path d=\"M384.3 352C419.5 352.2 448 380.7 448 416C448 451.3 419.3 480 384 480C360.3 480 339.6 467.1 328.6 448H119.4C108.4 467.1 87.69 480 64 480C28.65 480 0 451.3 0 416C0 392.3 12.87 371.6 32 360.6V151.4C12.87 140.4 0 119.7 0 96C0 60.65 28.65 32 64 32C87.69 32 108.4 44.87 119.4 64H328.6C339.6 44.87 360.3 32 384 32C419.3 32 448 60.65 448 96C448 131.3 419.5 159.8 384.3 159.1L345.5 227.9C349.7 236.4 352 245.9 352 256C352 266.1 349.7 275.6 345.5 284.1L384.3 352zM96 360.6C105.7 366.2 113.8 374.3 119.4 384H328.6C328.6 383.9 328.7 383.8 328.7 383.7L292.2 319.9C290.8 319.1 289.4 320 288 320C252.7 320 224 291.3 224 256C224 220.7 252.7 192 288 192C289.4 192 290.8 192 292.2 192.1L328.7 128.3L328.6 128H119.4C113.8 137.7 105.7 145.8 96 151.4L96 360.6z\"><\/path><\/svg><\/div><div class=\"uagb-ifb-title-wrap\"><h4 class=\"uagb-ifb-title\"><font style=\"vertical-align: inherit;\"><font style=\"vertical-align: inherit;\">Matbaa Hizmetleri<\/font><\/font><\/h4><\/div><p class=\"uagb-ifb-desc\"><font style=\"vertical-align: inherit;\"><font style=\"vertical-align: inherit;\">Katalogdan kartvizite, bro\u015f\u00fcrden dergiye kadar t\u00fcm matbaa i\u015flerinizi profesyonel \u015fekilde tasarl\u0131yor ve bas\u0131yoruz.<\/font><\/font><\/p><\/div><\/div>\n<\/div>\n\n\n\n<div class=\"wp-block-uagb-container uagb-block-7d7e96cf\">\n<div class=\"wp-block-uagb-info-box uagb-block-aab0c17a uagb-infobox__content-wrap  uagb-infobox-icon-above-title uagb-infobox-image-valign-top\"><div class=\"uagb-ifb-content\"><div class=\"uagb-ifb-icon-wrap\"><svg xmlns=\"https:\/\/www.w3.org\/2000\/svg\" viewBox=\"0 0 384 512\"><path d=\"M0 32l34.9 395.8L191.5 480l157.6-52.2L384 32H0zm308.2 127.9H124.4l4.1 49.4h175.6l-13.6 148.4-97.9 27v.3h-1.1l-98.7-27.3-6-75.8h47.7L138 320l53.5 14.5 53.7-14.5 6-62.2H84.3L71.5 112.2h241.1l-4.4 47.7z\"><\/path><\/svg><\/div><div class=\"uagb-ifb-title-wrap\"><h4 class=\"uagb-ifb-title\"><strong><strong>Web Site Tasar\u0131m<\/strong><\/strong><\/h4><\/div><p class=\"uagb-ifb-desc\"><font style=\"vertical-align: inherit;\"><font style=\"vertical-align: inherit;\">Kullan\u0131c\u0131 dostu, modern ve mobil uyumlu web siteleri ile dijital d\u00fcnyada varl\u0131\u011f\u0131n\u0131z\u0131 g\u00fc\u00e7lendirin. \u0130\u015fletmenize \u00f6zel \u00e7\u00f6z\u00fcmler sunuyoruz.<\/font><\/font><\/p><\/div><\/div>\n<\/div>\n\n\n\n<div class=\"wp-block-uagb-container uagb-block-89b5033f\">\n<div class=\"wp-block-uagb-info-box uagb-block-f0fd999b uagb-infobox__content-wrap  uagb-infobox-icon-above-title uagb-infobox-image-valign-top\"><div class=\"uagb-ifb-content\"><div class=\"uagb-ifb-icon-wrap\"><svg xmlns=\"https:\/\/www.w3.org\/2000\/svg\" viewBox=\"0 0 576 512\"><path d=\"M96 96h384v288h64V72C544 50 525.1 32 504 32H72C49.1 32 32 50 32 72V384h64V96zM560 416H416v-48c0-8.838-7.164-16-16-16h-160C231.2 352 224 359.2 224 368V416H16C7.164 416 0 423.2 0 432v32C0 472.8 7.164 480 16 480h544c8.836 0 16-7.164 16-16v-32C576 423.2 568.8 416 560 416z\"><\/path><\/svg><\/div><div class=\"uagb-ifb-title-wrap\"><h4 class=\"uagb-ifb-title\"><strong><strong><strong><font style=\"vertical-align: inherit;\"><\/font><\/strong><font style=\"vertical-align: inherit;\"><font style=\"vertical-align: inherit;\">Tabela &amp; Y\u00f6nlendirme Sistemleri<\/font><\/font><\/strong><\/strong><\/h4><\/div><p class=\"uagb-ifb-desc\"><font style=\"vertical-align: inherit;\"><font style=\"vertical-align: inherit;\">\u0130\u015fletmenizin ihtiya\u00e7lar\u0131na uygun y\u00f6nlendirme tabelalar\u0131yla m\u00fc\u015fterilerinizi do\u011fru noktaya kolayca y\u00f6nlendirin.<\/font><\/font><\/p><\/div><\/div>\n<\/div>\n\n\n\n<div class=\"wp-block-uagb-container uagb-block-5224b7dd\">\n<div class=\"wp-block-uagb-info-box uagb-block-2e4d77ce uagb-infobox__content-wrap  uagb-infobox-icon-above-title uagb-infobox-image-valign-top\"><div class=\"uagb-ifb-content\"><div class=\"uagb-ifb-icon-wrap\"><svg xmlns=\"https:\/\/www.w3.org\/2000\/svg\" viewBox=\"0 0 512 512\"><path d=\"M152 0H154.2C186.1 0 215.7 16.91 231.9 44.45L256 85.46L280.1 44.45C296.3 16.91 325.9 0 357.8 0H360C408.6 0 448 39.4 448 88C448 102.4 444.5 115.1 438.4 128H480C497.7 128 512 142.3 512 160V224C512 241.7 497.7 256 480 256H32C14.33 256 0 241.7 0 224V160C0 142.3 14.33 128 32 128H73.6C67.46 115.1 64 102.4 64 88C64 39.4 103.4 0 152 0zM190.5 68.78C182.9 55.91 169.1 48 154.2 48H152C129.9 48 112 65.91 112 88C112 110.1 129.9 128 152 128H225.3L190.5 68.78zM360 48H357.8C342.9 48 329.1 55.91 321.5 68.78L286.7 128H360C382.1 128 400 110.1 400 88C400 65.91 382.1 48 360 48V48zM32 288H224V512H80C53.49 512 32 490.5 32 464V288zM288 512V288H480V464C480 490.5 458.5 512 432 512H288z\"><\/path><\/svg><\/div><div class=\"uagb-ifb-title-wrap\"><h4 class=\"uagb-ifb-title\"><font style=\"vertical-align: inherit;\"><font style=\"vertical-align: inherit;\">Promosyon \u00dcr\u00fcnleri<\/font><\/font><\/h4><\/div><p class=\"uagb-ifb-desc\"><font style=\"vertical-align: inherit;\"><font style=\"vertical-align: inherit;\">Markan\u0131z\u0131 g\u00fc\u00e7lendirecek kaliteli ve \u015f\u0131k promosyon \u00fcr\u00fcnleriyle m\u00fc\u015fteri sadakatini art\u0131r\u0131n.<\/font><\/font><\/p><\/div><\/div>\n<\/div>\n<\/div>\n<\/div><\/div>\n\n\n\n<div class=\"wp-block-uagb-container uagb-block-4c8c5d96 alignfull uagb-is-root-container\"><div class=\"uagb-container-inner-blocks-wrap\">\n<div class=\"wp-block-uagb-advanced-heading uagb-block-2ea08763\"><h2 class=\"uagb-heading-text\"><strong>M\u00fc\u015fterilerimiz<\/strong><\/h2><p class=\"uagb-desc-text\">Bizimle \u00e7al\u0131\u015fmay\u0131 tercih eden de\u011ferli m\u00fc\u015fterilerimizin memnuniyeti, en b\u00fcy\u00fck motivasyonumuz. Uzun s\u00fcreli i\u015f birlikleri ve ba\u015far\u0131l\u0131 projelerle gurur duyuyoruz.<\/p><\/div>\n\n\n\n<div class=\"wp-block-uagb-container uagb-block-0c228191 alignfull uagb-is-root-container\"><div class=\"uagb-container-inner-blocks-wrap\">\n<div class=\"wp-block-uagb-container uagb-block-034ea77f\">\n<div class=\"wp-block-uagb-image aligncenter uagb-block-029404d8 wp-block-uagb-image--layout-default wp-block-uagb-image--effect-static wp-block-uagb-image--align-center\"><figure class=\"wp-block-uagb-image__figure\"><img loading=\"lazy\" decoding=\"async\" srcset=\"https:\/\/www.hazaltasarim.com\/wp-content\/uploads\/2024\/10\/karsan-1024x576.jpg ,https:\/\/www.hazaltasarim.com\/wp-content\/uploads\/2024\/10\/karsan.jpg 780w, https:\/\/www.hazaltasarim.com\/wp-content\/uploads\/2024\/10\/karsan.jpg 360w\" sizes=\"auto, (max-width: 480px) 150px\" src=\"https:\/\/www.hazaltasarim.com\/wp-content\/uploads\/2024\/10\/karsan-1024x576.jpg\" alt=\"\" class=\"uag-image-2486\" width=\"226\" height=\"160\" title=\"karsan\" loading=\"lazy\" role=\"img\"\/><\/figure><\/div>\n<\/div>\n\n\n\n<div class=\"wp-block-uagb-container uagb-block-a6ca00da\">\n<div class=\"wp-block-uagb-image aligncenter uagb-block-fc8762de wp-block-uagb-image--layout-default wp-block-uagb-image--effect-static wp-block-uagb-image--align-center\"><figure class=\"wp-block-uagb-image__figure\"><img loading=\"lazy\" decoding=\"async\" srcset=\"https:\/\/www.hazaltasarim.com\/wp-content\/uploads\/2024\/10\/timsan.jpg ,https:\/\/www.hazaltasarim.com\/wp-content\/uploads\/2024\/10\/timsan.jpg 780w, https:\/\/www.hazaltasarim.com\/wp-content\/uploads\/2024\/10\/timsan.jpg 360w\" sizes=\"auto, (max-width: 480px) 150px\" src=\"https:\/\/www.hazaltasarim.com\/wp-content\/uploads\/2024\/10\/timsan.jpg\" alt=\"\" class=\"uag-image-2488\" width=\"285\" height=\"160\" title=\"timsan\" loading=\"lazy\" role=\"img\"\/><\/figure><\/div>\n<\/div>\n\n\n\n<div class=\"wp-block-uagb-container uagb-block-4587cb35\">\n<div class=\"wp-block-uagb-image aligncenter uagb-block-466c8c26 wp-block-uagb-image--layout-default wp-block-uagb-image--effect-static wp-block-uagb-image--align-center\"><figure class=\"wp-block-uagb-image__figure\"><img loading=\"lazy\" decoding=\"async\" srcset=\"https:\/\/www.hazaltasarim.com\/wp-content\/uploads\/2024\/10\/kugu.jpg ,https:\/\/www.hazaltasarim.com\/wp-content\/uploads\/2024\/10\/kugu.jpg 780w, https:\/\/www.hazaltasarim.com\/wp-content\/uploads\/2024\/10\/kugu.jpg 360w\" sizes=\"auto, (max-width: 480px) 150px\" src=\"https:\/\/www.hazaltasarim.com\/wp-content\/uploads\/2024\/10\/kugu.jpg\" alt=\"\" class=\"uag-image-2505\" width=\"177\" height=\"160\" title=\"kugu\" loading=\"lazy\" role=\"img\"\/><\/figure><\/div>\n<\/div>\n\n\n\n<div class=\"wp-block-uagb-container uagb-block-2e408ff7\">\n<div class=\"wp-block-uagb-image aligncenter uagb-block-080eb598 wp-block-uagb-image--layout-default wp-block-uagb-image--effect-static wp-block-uagb-image--align-center\"><figure class=\"wp-block-uagb-image__figure\"><img loading=\"lazy\" decoding=\"async\" srcset=\"https:\/\/www.hazaltasarim.com\/wp-content\/uploads\/2024\/10\/esseyapi.jpg ,https:\/\/www.hazaltasarim.com\/wp-content\/uploads\/2024\/10\/esseyapi.jpg 780w, https:\/\/www.hazaltasarim.com\/wp-content\/uploads\/2024\/10\/esseyapi.jpg 360w\" sizes=\"auto, (max-width: 480px) 150px\" src=\"https:\/\/www.hazaltasarim.com\/wp-content\/uploads\/2024\/10\/esseyapi.jpg\" alt=\"\" class=\"uag-image-2490\" width=\"295\" height=\"160\" title=\"esseyapi\" loading=\"lazy\" role=\"img\"\/><\/figure><\/div>\n<\/div>\n<\/div><\/div>\n<\/div><\/div>\n\n\n\n<div class=\"wp-block-uagb-container uagb-block-38e74e87 alignfull uagb-is-root-container\"><div class=\"uagb-container-inner-blocks-wrap\">\n<div class=\"wp-block-uagb-advanced-heading uagb-block-dfae4bf6\"><h3 class=\"uagb-heading-text\"><font style=\"vertical-align: inherit;\"><font style=\"vertical-align: inherit;\">&#8220;Muhte\u015fem Tasar\u0131mlar ve Kaliteli \u0130\u015f\u00e7ilik!&#8221;\u200b<\/font><\/font><\/h3><p class=\"uagb-desc-text\"><font style=\"vertical-align: inherit;\"><font style=\"vertical-align: inherit;\">\u00dcr\u00fcnlerimiz \u00e7ok h\u0131zl\u0131 ve g\u00fcvenli \u015fekilde elimize ula\u015ft\u0131 servis formlari ve bask\u0131lar i\u00e7in \u00f6zel ilgi g\u00f6sterildi memnuniyet sa\u011fland\u0131..<\/font><\/font><\/p><\/div>\n\n\n\n<div class=\"wp-block-uagb-info-box uagb-block-77877020 uagb-infobox__content-wrap  uagb-infobox-icon-above-title uagb-infobox-image-valign-top\"><div class=\"uagb-ifb-content\"><div class=\"uagb-ifb-image-content\"><img loading=\"lazy\" decoding=\"async\" src=\"https:\/\/www.hazaltasarim.com\/wp-content\/uploads\/2020\/08\/testimonial.jpg\" alt=\"\" width=\"60\" height=\"60\" loading=\"lazy\"\/><\/div><div class=\"uagb-ifb-title-wrap\"><h3 class=\"uagb-ifb-title\"><strong>Ku\u011fu Pastanesi<\/strong><\/h3><\/div><p class=\"uagb-ifb-desc\">CEO, ACME INC.\u200b<\/p><\/div><\/div>\n<\/div><\/div>\n\n\n\n<div class=\"wp-block-uagb-container uagb-block-b997312a alignfull uagb-is-root-container\"><div class=\"uagb-container-inner-blocks-wrap\">\n<div class=\"wp-block-uagb-container uagb-layout-grid uagb-block-005fba1f\">\n<div class=\"wp-block-uagb-advanced-heading uagb-block-12865cae\"><h3 class=\"uagb-heading-text\">Bizimle bir projeye ba\u015flamak ister misiniz ?<\/h3><p class=\"uagb-desc-text\">Profesyonel ekibimiz, i\u015f hedeflerinize ula\u015fman\u0131z i\u00e7in size \u00f6zel stratejiler ve yenilik\u00e7i \u00e7\u00f6z\u00fcmlerle yan\u0131n\u0131zda olacak. Hayallerinizi ger\u00e7e\u011fe d\u00f6n\u00fc\u015ft\u00fcrmek i\u00e7in ilk ad\u0131m\u0131 birlikte atal\u0131m<\/p><\/div>\n\n\n\n<div class=\"wp-block-uagb-buttons uagb-buttons__outer-wrap uagb-btn__default-btn uagb-btn-tablet__default-btn uagb-btn-mobile__default-btn uagb-block-2c953428\"><div class=\"uagb-buttons__wrap uagb-buttons-layout-wrap \">\n<div class=\"wp-block-uagb-buttons-child uagb-buttons__outer-wrap uagb-block-8bb4b826 wp-block-button\"><div class=\"uagb-button__wrapper\"><a class=\"uagb-buttons-repeater wp-block-button__link\" aria-label=\"\" href=\"tel:\" rel=\"follow noopener\" target=\"_self\" role=\"button\"><div class=\"uagb-button__link\">+90 (530) 909 9650<\/div><\/a><\/div><\/div>\n<\/div><\/div>\n<\/div>\n<\/div><\/div>\n\n\n\n<p><\/p>\n","protected":false},"excerpt":{"rendered":"<p>Size nas\u0131l yard\u0131mc\u0131 olabiliriz?\u200b \u0130htiyac\u0131n\u0131za uygun tasar\u0131m ve bask\u0131 \u00e7\u00f6z\u00fcmleri sunuyoruz. Kartvizit, bro\u015f\u00fcr, afi\u015f ve katalog gibi her t\u00fcrl\u00fc bas\u0131l\u0131 materyali y\u00fcksek kaliteyle \u00fcretiyoruz. M\u00fc\u015fterilerimiz Bizimle \u00e7al\u0131\u015fmay\u0131 tercih eden de\u011ferli m\u00fc\u015fterilerimizin memnuniyeti, en b\u00fcy\u00fck motivasyonumuz. Uzun s\u00fcreli i\u015f birlikleri ve ba\u015far\u0131l\u0131 projelerle gurur duyuyoruz. &#8220;Muhte\u015fem Tasar\u0131mlar ve Kaliteli \u0130\u015f\u00e7ilik!&#8221;\u200b \u00dcr\u00fcnlerimiz \u00e7ok h\u0131zl\u0131 ve g\u00fcvenli \u015fekilde [&hellip;]<\/p>\n","protected":false},"author":1,"featured_media":0,"parent":0,"menu_order":0,"comment_status":"closed","ping_status":"closed","template":"","meta":{"_uag_custom_page_level_css":"","site-sidebar-layout":"no-sidebar","site-content-layout":"page-builder","ast-site-content-layout":"full-width-container","site-content-style":"unboxed","site-sidebar-style":"unboxed","ast-global-header-display":"","ast-banner-title-visibility":"","ast-main-header-display":"","ast-hfb-above-header-display":"","ast-hfb-below-header-display":"","ast-hfb-mobile-header-display":"","site-post-title":"disabled","ast-breadcrumbs-content":"","ast-featured-img":"disabled","footer-sml-layout":"","theme-transparent-header-meta":"enabled","adv-header-id-meta":"","stick-header-meta":"","header-above-stick-meta":"","header-main-stick-meta":"","header-below-stick-meta":"","astra-migrate-meta-layouts":"set","ast-page-background-enabled":"default","ast-page-background-meta":{"desktop":{"background-color":"","background-image":"","background-repeat":"repeat","background-position":"center center","background-size":"auto","background-attachment":"scroll","background-type":"","background-media":"","overlay-type":"","overlay-color":"","overlay-opacity":"","overlay-gradient":""},"tablet":{"background-color":"","background-image":"","background-repeat":"repeat","background-position":"center center","background-size":"auto","background-attachment":"scroll","background-type":"","background-media":"","overlay-type":"","overlay-color":"","overlay-opacity":"","overlay-gradient":""},"mobile":{"background-color":"","background-image":"","background-repeat":"repeat","background-position":"center center","background-size":"auto","background-attachment":"scroll","background-type":"","background-media":"","overlay-type":"","overlay-color":"","overlay-opacity":"","overlay-gradient":""}},"ast-content-background-meta":{"desktop":{"background-color":"var(--ast-global-color-5)","background-image":"","background-repeat":"repeat","background-position":"center center","background-size":"auto","background-attachment":"scroll","background-type":"","background-media":"","overlay-type":"","overlay-color":"","overlay-opacity":"","overlay-gradient":""},"tablet":{"background-color":"var(--ast-global-color-5)","background-image":"","background-repeat":"repeat","background-position":"center center","background-size":"auto","background-attachment":"scroll","background-type":"","background-media":"","overlay-type":"","overlay-color":"","overlay-opacity":"","overlay-gradient":""},"mobile":{"background-color":"var(--ast-global-color-5)","background-image":"","background-repeat":"repeat","background-position":"center center","background-size":"auto","background-attachment":"scroll","background-type":"","background-media":"","overlay-type":"","overlay-color":"","overlay-opacity":"","overlay-gradient":""}},"footnotes":""},"class_list":["post-1492","page","type-page","status-publish","hentry"],"uagb_featured_image_src":{"full":false,"thumbnail":false,"medium":false,"medium_large":false,"large":false,"1536x1536":false,"2048x2048":false},"uagb_author_info":{"display_name":"admin","author_link":"https:\/\/www.hazaltasarim.com\/?author=1"},"uagb_comment_info":0,"uagb_excerpt":"Size nas\u0131l yard\u0131mc\u0131 olabiliriz?\u200b \u0130htiyac\u0131n\u0131za uygun tasar\u0131m ve bask\u0131 \u00e7\u00f6z\u00fcmleri sunuyoruz. Kartvizit, bro\u015f\u00fcr, afi\u015f ve katalog gibi her t\u00fcrl\u00fc bas\u0131l\u0131 materyali y\u00fcksek kaliteyle \u00fcretiyoruz. M\u00fc\u015fterilerimiz Bizimle \u00e7al\u0131\u015fmay\u0131 tercih eden de\u011ferli m\u00fc\u015fterilerimizin memnuniyeti, en b\u00fcy\u00fck motivasyonumuz. Uzun s\u00fcreli i\u015f birlikleri ve ba\u015far\u0131l\u0131 projelerle gurur duyuyoruz. &#8220;Muhte\u015fem Tasar\u0131mlar ve Kaliteli \u0130\u015f\u00e7ilik!&#8221;\u200b \u00dcr\u00fcnlerimiz \u00e7ok h\u0131zl\u0131 ve g\u00fcvenli \u015fekilde&hellip;","_links":{"self":[{"href":"https:\/\/www.hazaltasarim.com\/index.php?rest_route=\/wp\/v2\/pages\/1492","targetHints":{"allow":["GET"]}}],"collection":[{"href":"https:\/\/www.hazaltasarim.com\/index.php?rest_route=\/wp\/v2\/pages"}],"about":[{"href":"https:\/\/www.hazaltasarim.com\/index.php?rest_route=\/wp\/v2\/types\/page"}],"author":[{"embeddable":true,"href":"https:\/\/www.hazaltasarim.com\/index.php?rest_route=\/wp\/v2\/users\/1"}],"replies":[{"embeddable":true,"href":"https:\/\/www.hazaltasarim.com\/index.php?rest_route=%2Fwp%2Fv2%2Fcomments&post=1492"}],"version-history":[{"count":4,"href":"https:\/\/www.hazaltasarim.com\/index.php?rest_route=\/wp\/v2\/pages\/1492\/revisions"}],"predecessor-version":[{"id":2520,"href":"https:\/\/www.hazaltasarim.com\/index.php?rest_route=\/wp\/v2\/pages\/1492\/revisions\/2520"}],"wp:attachment":[{"href":"https:\/\/www.hazaltasarim.com\/index.php?rest_route=%2Fwp%2Fv2%2Fmedia&parent=1492"}],"curies":[{"name":"wp","href":"https:\/\/api.w.org\/{rel}","templated":true}]}}